{"id":1597,"date":"2021-06-22T15:48:02","date_gmt":"2021-06-22T15:48:02","guid":{"rendered":"https:\/\/huurteamtilburg.nl\/?page_id=1597"},"modified":"2021-06-29T21:07:50","modified_gmt":"2021-06-29T21:07:50","slug":"turkisch-turk","status":"publish","type":"page","link":"https:\/\/huurteamtilburg.nl\/en\/turkisch-turk\/","title":{"rendered":"Turkish &#8211; T\u00fcrk"},"content":{"rendered":"<p class=\"has-larger-font-size\">Huurteam Tilburg&#8217;a Ho\u015f Geldiniz<\/p>\n\n\n\n<p>Huurteam (kira ekibi), Tilburg Belediyesinin bir giri\u015fimidir ve Tilburg Belediyesindeki kirac\u0131lara y\u00f6nelik kiral\u0131k evlerle ilgili \u00fccretsiz tavsiyelerde bulunur ve destek sunar. Bu giri\u015fim, \u00f6zellikle kira, kamu hizmet giderleri ve ya\u015fam alan\u0131ndaki eksiklikler gibi konularla ilgilenmesinin yan\u0131 s\u0131ra kira hukuku ile ilgili di\u011fer sorular\u0131n\u0131z i\u00e7in de bizimle ileti\u015fime ge\u00e7ebilirsiniz.<\/p>\n\n\n\n<p><a href=\"http:\/\/www.huurteamtilburg.nl\/en\/contact\/\" data-type=\"URL\" data-id=\"www.huurteamtilburg.nl\/en\/contact\/\" target=\"_blank\" rel=\"noreferrer noopener\">\u0130leti\u015fim formumuz<\/a> arac\u0131l\u0131\u011f\u0131yla Hollandaca veya \u0130ngilizce olarak ileti\u015fime ge\u00e7ebilirsiniz. Bu dilleri konu\u015fam\u0131yorsan\u0131z sorunuzu terc\u00fcman yard\u0131m\u0131yla sorabilmeniz i\u00e7in de imkan sunuyoruz. Bu imkandan yararlanmak istiyorsan\u0131z l\u00fctfen bunu ileti\u015fim <a href=\"https:\/\/huurteamtilburg.nl\/en\/maak-een-afspraak\/\" data-type=\"URL\" data-id=\"https:\/\/huurteamtilburg.nl\/en\/maak-een-afspraak\/\" target=\"_blank\" rel=\"noreferrer noopener\">formunda veya online<\/a> dan\u0131\u015fmanl\u0131k talebinde belirtin<\/p>\n\n\n\n<p><em>Huurteam<\/em>&#8216;in size neler sa\u011flayabilece\u011fiyle ilgili olarak tercih etti\u011finiz dile g\u00f6re a\u015fa\u011f\u0131da k\u0131sa bir a\u00e7\u0131klama sunuyoruz. Her soru farkl\u0131 olabilece\u011finden hizmetlerimiz hakk\u0131nda genel bir a\u00e7\u0131klama verilmektedir. Daha fazla sorunuz varsa l\u00fctfen dan\u0131\u015fmanlar\u0131m\u0131zdan biriyle ileti\u015fime ge\u00e7in veya hizmetlerimizin tam listesi i\u00e7in Hollandaca veya \u0130ngilizce web sitemizi ziyaret edin.<\/p>\n\n\n\n<div  class=\"ewd-ufaq-faq-list ewd-ufaq-page-type-distinct\" id='ewd-ufaq-faq-list'>\n\n\t<input type='hidden' name='show_on_load' value='' id='ewd-ufaq-show-on-load' \/>\n<input type='hidden' name='include_category' value='' id='ewd-ufaq-include-category' \/>\n<input type='hidden' name='exclude_category' value='algemene-vragen,Huurprijzen,Servicekosten,Contract,Gebreken,Overige,Borg,Contracts,deposit,defects,rentalprices,service-costs,generalquestions,arabisch,duits,frans,pools,spaans,bulgaars,roemeens' id='ewd-ufaq-exclude-category' \/>\n<input type='hidden' name='orderby' value='date' id='ewd-ufaq-orderby' \/>\n<input type='hidden' name='order' value='asc' id='ewd-ufaq-order' \/>\n<input type='hidden' name='post_count' value='-1' id='ewd-ufaq-post-count' \/>\n<input type='hidden' name='current_url' value='\/en\/wp-json\/wp\/v2\/pages\/1597' id='ewd-ufaq-current-url' \/>\n\t\n\t\n\t<div class='ewd-ufaq-faqs'>\n\n\t\t<div  class=\"ewd-ufaq-faq-div ewd-ufaq-faq-column-count-one ewd-ufaq-faq-responsive-columns- ewd-ufaq-faq-display-style-default ewd-ufaq-can-be-toggled\" id='ewd-ufaq-post-1914-upuGmOPAj9' data-post_id='1914'>\n\n\t<div class='ewd-ufaq-faq-title ewd-ufaq-faq-toggle'>\n\t\n\t<a class='ewd-ufaq-post-margin'  href='#'>\n\n\t\t<div class='ewd-ufaq-post-margin-symbol ewd-ufaq-'>\n\t\t\t<span >a<\/span>\n\t\t<\/div>\n\n\t\t<div class='ewd-ufaq-faq-title-text'>\n\n\t\t\t<h4>\n\t\t\t\tHuurteam sizin i\u00e7in ne yapar?\t\t\t<\/h4>\n\n\t\t<\/div>\n\n\t\t<div class='ewd-ufaq-clear'><\/div>\n\n\t<\/a>\n\t\n<\/div>\n\t\n\t<div class='ewd-ufaq-faq-body ewd-ufaq-hidden' >\n\n\t\t\n\t\t\t\n\t\t\n\t\t\t<div class='ewd-ufaq-post-margin ewd-ufaq-faq-post'>\n\t\n<p>Kirayla ilgili konularda sorunuz varsa veya ev sahibinizle sorun ya\u015f\u0131yorsan\u0131z g\u00f6r\u00fc\u015fme yapman\u0131z veya tavsiye alman\u0131z \u00f6nemlidir. Size \u00fccretsiz olarak yard\u0131mc\u0131 olabiliriz ve sorununuza \u00e7\u00f6z\u00fcm bulmak i\u00e7in \u00f6ncelikle ev sahibinizle konu\u015fabiliriz. A\u015fa\u011f\u0131da uzmanl\u0131k alanlar\u0131m\u0131z hakk\u0131nda daha fazla bilgi bulabilirsiniz.<\/p>\n\n\n\n<p>Ev sahibinizle uzla\u015famazsak Kira Komitesine (Huurcommissie) ba\u015fvurabiliriz. Bu i\u015flemler i\u00e7in Hollandaca kullan\u0131lmaktad\u0131r ama <em>Huurteam <\/em>size bu konuda da yard\u0131mc\u0131 olabilir. Yap\u0131lmas\u0131 gereken i\u015flem(ler)i haz\u0131rl\u0131yoruz ve at\u0131lan ad\u0131mlar hakk\u0131nda sizi bilgilendiriyoruz. Ev sahibiniz ve Kira Komitesi art\u0131k bizimle irtibat kuruyor.<\/p>\n<\/div>\n\t\t\n\t\t\t\n\t\t\n\t\t\t\n\t\t\n\t\t\t\n\t\t\n\t\t\t\n\t\t\n\t\t\t\n\t\t\n\t\t\t\n\t\t\n\t\t\t\n\t\t\n\t\t\t\n\t\t\n\t<\/div>\n\n<\/div><div  class=\"ewd-ufaq-faq-div ewd-ufaq-faq-column-count-one ewd-ufaq-faq-responsive-columns- ewd-ufaq-faq-display-style-default ewd-ufaq-can-be-toggled\" id='ewd-ufaq-post-1915-pyT8iVvhTh' data-post_id='1915'>\n\n\t<div class='ewd-ufaq-faq-title ewd-ufaq-faq-toggle'>\n\t\n\t<a class='ewd-ufaq-post-margin'  href='#'>\n\n\t\t<div class='ewd-ufaq-post-margin-symbol ewd-ufaq-'>\n\t\t\t<span >a<\/span>\n\t\t<\/div>\n\n\t\t<div class='ewd-ufaq-faq-title-text'>\n\n\t\t\t<h4>\n\t\t\t\tHuurteam ne yapmaz?\t\t\t<\/h4>\n\n\t\t<\/div>\n\n\t\t<div class='ewd-ufaq-clear'><\/div>\n\n\t<\/a>\n\t\n<\/div>\n\t\n\t<div class='ewd-ufaq-faq-body ewd-ufaq-hidden' >\n\n\t\t\n\t\t\t\n\t\t\n\t\t\t<div class='ewd-ufaq-post-margin ewd-ufaq-faq-post'>\n\t\n<p>Tilburg Kira Ekibi, kira hukuku ile ilgili sorular\u0131 olan kirac\u0131lara hukuki dan\u0131\u015fmanl\u0131k sunar ve Kira Komitesindeki konularla ilgili destek sa\u011flar.<\/p>\n\n\n\n<p>A\u015fa\u011f\u0131dakiler i\u00e7in destek sa\u011flam\u0131yoruz:<\/p>\n\n\n\n<ul><li>ikamet etmek i\u00e7in yer aramak;<\/li><li>kira yard\u0131m\u0131 ba\u015fvurusunda bulunmak;<\/li><li>belediye vergilerinin aff\u0131 i\u00e7in ba\u015fvurmak;<\/li><li>ev sahibiniz ile aran\u0131zda yapt\u0131\u011f\u0131n\u0131z anla\u015fmayla ilgili olmayan di\u011fer sorunlar.<\/li><\/ul>\n\n\n\n<p><em>Huurteam Tilburg<\/em> size yard\u0131mc\u0131 olamazsa davan\u0131z\u0131 a\u011f\u0131m\u0131zdaki bir avukata y\u00f6nlendirebiliriz.<\/p>\n<\/div>\n\t\t\n\t\t\t\n\t\t\n\t\t\t\n\t\t\n\t\t\t\n\t\t\n\t\t\t\n\t\t\n\t\t\t\n\t\t\n\t\t\t\n\t\t\n\t\t\t\n\t\t\n\t\t\t\n\t\t\n\t<\/div>\n\n<\/div><div  class=\"ewd-ufaq-faq-div ewd-ufaq-faq-column-count-one ewd-ufaq-faq-responsive-columns- ewd-ufaq-faq-display-style-default ewd-ufaq-can-be-toggled\" id='ewd-ufaq-post-1916-8Cv3DCu7xy' data-post_id='1916'>\n\n\t<div class='ewd-ufaq-faq-title ewd-ufaq-faq-toggle'>\n\t\n\t<a class='ewd-ufaq-post-margin'  href='#'>\n\n\t\t<div class='ewd-ufaq-post-margin-symbol ewd-ufaq-'>\n\t\t\t<span >a<\/span>\n\t\t<\/div>\n\n\t\t<div class='ewd-ufaq-faq-title-text'>\n\n\t\t\t<h4>\n\t\t\t\tKira Komitesi ne i\u015f yapar?\t\t\t<\/h4>\n\n\t\t<\/div>\n\n\t\t<div class='ewd-ufaq-clear'><\/div>\n\n\t<\/a>\n\t\n<\/div>\n\t\n\t<div class='ewd-ufaq-faq-body ewd-ufaq-hidden' >\n\n\t\t\n\t\t\t\n\t\t\n\t\t\t<div class='ewd-ufaq-post-margin ewd-ufaq-faq-post'>\n\t\n<p>Kira Komitesi (<em>Huurcommissie<\/em>) ulusal h\u00fck\u00fcmetin bir par\u00e7as\u0131d\u0131r ve kirac\u0131lar ile ev sahipleri aras\u0131ndaki anla\u015fmazl\u0131klar\u0131 \u00f6nlemek, \u00e7\u00f6zmeye yard\u0131mc\u0131 olmak ve resmi olarak sonland\u0131rmak i\u00e7in kurulmu\u015f tarafs\u0131z bir kurumdur. Kirac\u0131 ile ev sahibi, aralar\u0131ndaki anla\u015fmazl\u0131\u011f\u0131 birlikte \u00e7\u00f6zemezlerse Kira Komitesi ba\u011flay\u0131c\u0131 bir karar verecektir.<\/p>\n\n\n\n<p>Kira Komitesi incelemesinde, bizim de yapt\u0131\u011f\u0131m\u0131z gibi evin kontrol\u00fcn\u00fc ger\u00e7ekle\u015ftirir. Ya\u015fam alan\u0131n\u0131z\u0131n b\u00fcy\u00fckl\u00fc\u011f\u00fc \u00f6l\u00e7\u00fcl\u00fcr ve ek olanaklara bak\u0131l\u0131r. Komitenin de\u011ferlendirmesinden sonra, kiral\u0131k eviniz i\u00e7in daha az m\u0131 \u00f6demelisiniz, kamu hizmetleri giderleriniz i\u00e7in para iadesi yap\u0131lmal\u0131 m\u0131 veya ya\u015fam alan\u0131n\u0131zdaki eksiklikler devam ettik\u00e7e kira indirimi almal\u0131 m\u0131s\u0131n\u0131z gibi sorulara net cevap alabilirsiniz.<\/p>\n<\/div>\n\t\t\n\t\t\t\n\t\t\n\t\t\t\n\t\t\n\t\t\t\n\t\t\n\t\t\t\n\t\t\n\t\t\t\n\t\t\n\t\t\t\n\t\t\n\t\t\t\n\t\t\n\t\t\t\n\t\t\n\t<\/div>\n\n<\/div><div  class=\"ewd-ufaq-faq-div ewd-ufaq-faq-column-count-one ewd-ufaq-faq-responsive-columns- ewd-ufaq-faq-display-style-default ewd-ufaq-can-be-toggled\" id='ewd-ufaq-post-1917-1ZShRHuFBY' data-post_id='1917'>\n\n\t<div class='ewd-ufaq-faq-title ewd-ufaq-faq-toggle'>\n\t\n\t<a class='ewd-ufaq-post-margin'  href='#'>\n\n\t\t<div class='ewd-ufaq-post-margin-symbol ewd-ufaq-'>\n\t\t\t<span >a<\/span>\n\t\t<\/div>\n\n\t\t<div class='ewd-ufaq-faq-title-text'>\n\n\t\t\t<h4>\n\t\t\t\tS\u00f6zle\u015fme kontrol\u00fc\t\t\t<\/h4>\n\n\t\t<\/div>\n\n\t\t<div class='ewd-ufaq-clear'><\/div>\n\n\t<\/a>\n\t\n<\/div>\n\t\n\t<div class='ewd-ufaq-faq-body ewd-ufaq-hidden' >\n\n\t\t\n\t\t\t\n\t\t\n\t\t\t<div class='ewd-ufaq-post-margin ewd-ufaq-faq-post'>\n\t\n<p>Yeni bir ev veya daire mi kiralayacaks\u0131n\u0131z? Bir s\u00fcredir yeni evinizde bulunuyor ve s\u00f6zle\u015fmenizdeki maddelerden biriyle ilgili \u015f\u00fcpheniz mi var? Kira s\u00f6zle\u015fmenizin ve kira bedelinizin yasal gereklilikleri kar\u015f\u0131lay\u0131p kar\u015f\u0131lamad\u0131\u011f\u0131n\u0131 \u00fccretsiz olarak kontrol ediyoruz. B\u00f6ylece, niteliksiz bir s\u00f6zle\u015fme imzalay\u0131p imzalamad\u0131\u011f\u0131n\u0131zdan veya se\u00e7eneklerinizin neler oldu\u011fundan emin olabilirsiniz.<\/p>\n\n\n\n<p><a href=\"https:\/\/huurteamtilburg.nl\/en\/contact\/\" data-type=\"URL\" data-id=\"https:\/\/huurteamtilburg.nl\/en\/contact\/\" target=\"_blank\" rel=\"noreferrer noopener\">\u0130leti\u015fim formunu<\/a> doldurun ve s\u00f6zle\u015fmenizi y\u00fckleyin. S\u00f6zle\u015fmenizi ve kira bedelinizi kontrol edece\u011fiz ve bir \u00f6neriyle birlikte 48 saat i\u00e7inde sizinle ileti\u015fime ge\u00e7ece\u011fiz.<\/p>\n<\/div>\n\t\t\n\t\t\t\n\t\t\n\t\t\t\n\t\t\n\t\t\t\n\t\t\n\t\t\t\n\t\t\n\t\t\t\n\t\t\n\t\t\t\n\t\t\n\t\t\t\n\t\t\n\t\t\t\n\t\t\n\t<\/div>\n\n<\/div><div  class=\"ewd-ufaq-faq-div ewd-ufaq-faq-column-count-one ewd-ufaq-faq-responsive-columns- ewd-ufaq-faq-display-style-default ewd-ufaq-can-be-toggled\" id='ewd-ufaq-post-1918-q4c9MiB9Ec' data-post_id='1918'>\n\n\t<div class='ewd-ufaq-faq-title ewd-ufaq-faq-toggle'>\n\t\n\t<a class='ewd-ufaq-post-margin'  href='#'>\n\n\t\t<div class='ewd-ufaq-post-margin-symbol ewd-ufaq-'>\n\t\t\t<span >a<\/span>\n\t\t<\/div>\n\n\t\t<div class='ewd-ufaq-faq-title-text'>\n\n\t\t\t<h4>\n\t\t\t\tKira fiyatlar\u0131\t\t\t<\/h4>\n\n\t\t<\/div>\n\n\t\t<div class='ewd-ufaq-clear'><\/div>\n\n\t<\/a>\n\t\n<\/div>\n\t\n\t<div class='ewd-ufaq-faq-body ewd-ufaq-hidden' >\n\n\t\t\n\t\t\t\n\t\t\n\t\t\t<div class='ewd-ufaq-post-margin ewd-ufaq-faq-post'>\n\t\n<p>Hollanda&#8217;da kiran\u0131z\u0131n temel tutar\u0131n\u0131n ne kadar olabilece\u011fini belirleyen yasal d\u00fczenlemeler vard\u0131r. Ev sahipleri buna her zaman uymazlar. Her ay \u00e7ok fazla kira \u00f6deyip \u00f6demedi\u011finizi ve kiran\u0131zda indirimin s\u00f6z konusu olup olmad\u0131\u011f\u0131n\u0131 \u00f6\u011frenmek mi istiyorsunuz? L\u00fctfen bizimle <a href=\"http:\/\/www.huurteamtilburg.nl\/en\/contact\/\" data-type=\"URL\" data-id=\"www.huurteamtilburg.nl\/en\/contact\/\" target=\"_blank\" rel=\"noreferrer noopener\">ileti\u015fime<\/a> ge\u00e7in ve kira bedelinde indirim almay\u0131 hak edip etmedi\u011finizi anlamak i\u00e7in evinize bir ziyaret planlayal\u0131m.<\/p>\n\n\n\n<p>Bunu nas\u0131l yapar\u0131z? Komitenin yapt\u0131\u011f\u0131 kontrol\u00fcn ayn\u0131s\u0131n\u0131 yap\u0131yor, ya\u015fam alan\u0131n\u0131z\u0131 ve varsa ek olanaklar\u0131 \u00f6l\u00e7\u00fcyoruz. Bu \u015fekilde, mevcut kiran\u0131z\u0131n ne olmas\u0131 gerekti\u011fi konusunda fikir sahibi olursunuz. \u0130\u015flem s\u00fcrecimizi \u201cKira Komitesi ne yapar?\u201d b\u00f6l\u00fcm\u00fcnde okuyabilirsiniz. Kira Komitesi, temel kira tutarlar\u0131n\u0131n d\u00fczenlemeye yetkilidir.<\/p>\n<\/div>\n\t\t\n\t\t\t\n\t\t\n\t\t\t\n\t\t\n\t\t\t\n\t\t\n\t\t\t\n\t\t\n\t\t\t\n\t\t\n\t\t\t\n\t\t\n\t\t\t\n\t\t\n\t\t\t\n\t\t\n\t<\/div>\n\n<\/div><div  class=\"ewd-ufaq-faq-div ewd-ufaq-faq-column-count-one ewd-ufaq-faq-responsive-columns- ewd-ufaq-faq-display-style-default ewd-ufaq-can-be-toggled\" id='ewd-ufaq-post-1919-OtdcfzHoaS' data-post_id='1919'>\n\n\t<div class='ewd-ufaq-faq-title ewd-ufaq-faq-toggle'>\n\t\n\t<a class='ewd-ufaq-post-margin'  href='#'>\n\n\t\t<div class='ewd-ufaq-post-margin-symbol ewd-ufaq-'>\n\t\t\t<span >a<\/span>\n\t\t<\/div>\n\n\t\t<div class='ewd-ufaq-faq-title-text'>\n\n\t\t\t<h4>\n\t\t\t\tKamu hizmeti giderleri\t\t\t<\/h4>\n\n\t\t<\/div>\n\n\t\t<div class='ewd-ufaq-clear'><\/div>\n\n\t<\/a>\n\t\n<\/div>\n\t\n\t<div class='ewd-ufaq-faq-body ewd-ufaq-hidden' >\n\n\t\t\n\t\t\t\n\t\t\n\t\t\t<div class='ewd-ufaq-post-margin ewd-ufaq-faq-post'>\n\t\n<p>Kamu hizmet giderleri, temizlik, gaz, su ve elektrik ya da mobilya kullan\u0131m\u0131 gibi evin temel kiras\u0131na eklenen masraflard\u0131r. Kirac\u0131 olarak her takvim y\u0131l\u0131n\u0131n sonunda bir y\u0131ll\u0131k kamu hizmet giderlerinizin \u00f6zetini alman\u0131z gerekir. Bu \u00f6zette ger\u00e7ekte ne kadar gaz, su ve elektrik kulland\u0131\u011f\u0131n\u0131z\u0131 ve ev sahibinin ne kadar masraf \u00fcstlendi\u011fini g\u00f6rebilirsiniz. Fazla \u00f6deme yapt\u0131ysan\u0131z paran\u0131z\u0131 geri alabilirsiniz. Bir y\u0131ll\u0131k kamu hizmeti giderlerinizin \u00f6zetini almad\u0131ysan\u0131z veya bu t\u00fcr hizmetler i\u00e7in yapt\u0131\u011f\u0131n\u0131z \u00f6n \u00f6demeleriniz (gaz, su ve elektrik i\u00e7in ayl\u0131k \u00f6dedi\u011finiz tutar) kulland\u0131\u011f\u0131n\u0131zdan \u00e7ok daha y\u00fcksekse bunu sizin ad\u0131n\u0131za \u00e7\u00f6zebiliriz.<\/p>\n\n\n\n<p>Web sitemizdeki <a href=\"http:\/\/www.huurteamtilburg.nl\/en\/contact\/\" data-type=\"URL\" data-id=\"www.huurteamtilburg.nl\/en\/contact\/\" target=\"_blank\" rel=\"noreferrer noopener\">ileti\u015fim formunu<\/a> doldurun ve ileti\u015fim bilgilerinizi a\u00e7\u0131k bir \u015fekilde belirtin. Kira s\u00f6zle\u015fmenizi ve ald\u0131ysan\u0131z y\u0131ll\u0131k genel kullan\u0131m(lar)\u0131n\u0131z\u0131 y\u00fckleyin.<\/p>\n<\/div>\n\t\t\n\t\t\t\n\t\t\n\t\t\t\n\t\t\n\t\t\t\n\t\t\n\t\t\t\n\t\t\n\t\t\t\n\t\t\n\t\t\t\n\t\t\n\t\t\t\n\t\t\n\t\t\t\n\t\t\n\t<\/div>\n\n<\/div><div  class=\"ewd-ufaq-faq-div ewd-ufaq-faq-column-count-one ewd-ufaq-faq-responsive-columns- ewd-ufaq-faq-display-style-default ewd-ufaq-can-be-toggled\" id='ewd-ufaq-post-1920-QdzKDNVU9r' data-post_id='1920'>\n\n\t<div class='ewd-ufaq-faq-title ewd-ufaq-faq-toggle'>\n\t\n\t<a class='ewd-ufaq-post-margin'  href='#'>\n\n\t\t<div class='ewd-ufaq-post-margin-symbol ewd-ufaq-'>\n\t\t\t<span >a<\/span>\n\t\t<\/div>\n\n\t\t<div class='ewd-ufaq-faq-title-text'>\n\n\t\t\t<h4>\n\t\t\t\tEksiklikler\t\t\t<\/h4>\n\n\t\t<\/div>\n\n\t\t<div class='ewd-ufaq-clear'><\/div>\n\n\t<\/a>\n\t\n<\/div>\n\t\n\t<div class='ewd-ufaq-faq-body ewd-ufaq-hidden' >\n\n\t\t\n\t\t\t\n\t\t\n\t\t\t<div class='ewd-ufaq-post-margin ewd-ufaq-faq-post'>\n\t\n<p>Ev sahibiniz, yasal olarak evinizin bak\u0131m\u0131n\u0131 yapmakla y\u00fck\u00fcml\u00fcd\u00fcr. Bu bak\u0131m yap\u0131lmaz veya zaman\u0131nda ger\u00e7ekle\u015fmezse ge\u00e7ici bir kira indirimi alma hakk\u0131n\u0131z olabilir. Kira Komitesi bu gibi durumlarda genellikle y\u00fcksek kira indirimi sunar. Bu durum, ev sahibinin eksiklikleri gidermesi i\u00e7in genellikle yeterli bir sebeptir. Ev sahibiniz \u00f6nemli olan eksiklikleri yeterli d\u00fczeyde gidermezse <a href=\"http:\/\/www.huurteamtilburg.nl\/en\/contact\/\" data-type=\"URL\" data-id=\"www.huurteamtilburg.nl\/en\/contact\/\" target=\"_blank\" rel=\"noreferrer noopener\">ileti\u015fim formu<\/a> arac\u0131l\u0131\u011f\u0131yla bizimle ileti\u015fime ge\u00e7in.<\/p>\n\n\n\n<p>Su s\u0131z\u0131nt\u0131lar\u0131, \u00e7al\u0131\u015fmayan \u0131s\u0131tma sistemi veya banyodaki yetersiz havaland\u0131rma gibi \u015feyler, bu t\u00fcr eksiklikler kapsam\u0131na girer. Ayr\u0131ca kendinizin de bak\u0131m\u0131n\u0131 yapman\u0131z gereken \u015feyler vard\u0131r. Hangi bak\u0131m\u0131n sizin taraf\u0131n\u0131zdan, hangi bak\u0131m\u0131n ev sahibiniz taraf\u0131ndan yap\u0131lmas\u0131 gerekti\u011fi konusunda size tavsiyelerde bulunabiliriz.<\/p>\n<\/div>\n\t\t\n\t\t\t\n\t\t\n\t\t\t\n\t\t\n\t\t\t\n\t\t\n\t\t\t\n\t\t\n\t\t\t\n\t\t\n\t\t\t\n\t\t\n\t\t\t\n\t\t\n\t\t\t\n\t\t\n\t<\/div>\n\n<\/div><div  class=\"ewd-ufaq-faq-div ewd-ufaq-faq-column-count-one ewd-ufaq-faq-responsive-columns- ewd-ufaq-faq-display-style-default ewd-ufaq-can-be-toggled\" id='ewd-ufaq-post-1921-c9a0CuKNOq' data-post_id='1921'>\n\n\t<div class='ewd-ufaq-faq-title ewd-ufaq-faq-toggle'>\n\t\n\t<a class='ewd-ufaq-post-margin'  href='#'>\n\n\t\t<div class='ewd-ufaq-post-margin-symbol ewd-ufaq-'>\n\t\t\t<span >a<\/span>\n\t\t<\/div>\n\n\t\t<div class='ewd-ufaq-faq-title-text'>\n\n\t\t\t<h4>\n\t\t\t\tKira ile ilgili di\u011fer sorular\t\t\t<\/h4>\n\n\t\t<\/div>\n\n\t\t<div class='ewd-ufaq-clear'><\/div>\n\n\t<\/a>\n\t\n<\/div>\n\t\n\t<div class='ewd-ufaq-faq-body ewd-ufaq-hidden' >\n\n\t\t\n\t\t\t\n\t\t\n\t\t\t<div class='ewd-ufaq-post-margin ewd-ufaq-faq-post'>\n\t\n<p>Evinizden haks\u0131z yere mi \u00e7\u0131kar\u0131l\u0131yorsunuz? Kira s\u00f6zle\u015fmenizi iptal etmek istiyorsunuz ama ev sahibiniz buna izin vermiyor mu? Ev sahibiniz kira art\u0131\u015f\u0131 talep ediyor ve buna izin verilip verilmedi\u011finden emin de\u011fil misiniz?<\/p>\n\n\n\n<p>Bu ve bunun gibi bir\u00e7ok soruyla her g\u00fcn kar\u015f\u0131la\u015f\u0131yoruz. Bizimle <a href=\"https:\/\/huurteamtilburg.nl\/en\/contact\/\" data-type=\"URL\" data-id=\"https:\/\/huurteamtilburg.nl\/en\/contact\/\" target=\"_blank\" rel=\"noreferrer noopener\">ileti\u015fime<\/a> ge\u00e7in, neler yapabilece\u011finize dair tavsiyelerde bulunal\u0131m.<\/p>\n\n\n\n<p>Kirayla ilgili sorunlar\u0131 kendiniz mi \u00e7\u00f6zmek istiyorsunuz? Depozitonuzun iadesini talep etmek veya eksiklikleri bildirmek i\u00e7in ev sahibinize g\u00f6nderebilece\u011finiz Hollandaca ve \u0130ngilizce <a href=\"https:\/\/huurteamtilburg.nl\/en\/downloads\/\" data-type=\"URL\" data-id=\"https:\/\/huurteamtilburg.nl\/en\/downloads\/\" target=\"_blank\" rel=\"noreferrer noopener\">mektup \u00f6rneklerini<\/a> web sitemizde bulabilirsiniz. Deste\u011fe ihtiyac\u0131n\u0131z olursa yard\u0131mc\u0131 olmaktan memnuniyet duyar\u0131z.<\/p>\n<\/div>\n\t\t\n\t\t\t\n\t\t\n\t\t\t\n\t\t\n\t\t\t\n\t\t\n\t\t\t\n\t\t\n\t\t\t\n\t\t\n\t\t\t\n\t\t\n\t\t\t\n\t\t\n\t\t\t\n\t\t\n\t<\/div>\n\n<\/div>\n\t<\/div>\n\n\t\n<\/div>","protected":false},"excerpt":{"rendered":"<p>A Kira ile ilgili di\u011fer sorular Evinizden haks\u0131z yere mi \u00e7\u0131kar\u0131l\u0131yorsunuz? Kira s\u00f6zle\u015fmenizi iptal etmek istiyorsunuz ama ev sahibiniz buna izin vermiyor mu? Ev sahibiniz kira art\u0131\u015f\u0131 talep ediyor ve buna izin verilip verilmedi\u011finden emin de\u011fil misiniz? Bu ve bunun gibi bir\u00e7ok soruyla her g\u00fcn kar\u015f\u0131la\u015f\u0131yoruz. Bizimle ileti\u015fime ge\u00e7in, neler &hellip;<\/p>","protected":false},"author":1,"featured_media":0,"parent":0,"menu_order":0,"comment_status":"closed","ping_status":"closed","template":"","meta":[],"_links":{"self":[{"href":"https:\/\/huurteamtilburg.nl\/en\/wp-json\/wp\/v2\/pages\/1597"}],"collection":[{"href":"https:\/\/huurteamtilburg.nl\/en\/wp-json\/wp\/v2\/pages"}],"about":[{"href":"https:\/\/huurteamtilburg.nl\/en\/wp-json\/wp\/v2\/types\/page"}],"author":[{"embeddable":true,"href":"https:\/\/huurteamtilburg.nl\/en\/wp-json\/wp\/v2\/users\/1"}],"replies":[{"embeddable":true,"href":"https:\/\/huurteamtilburg.nl\/en\/wp-json\/wp\/v2\/comments?post=1597"}],"version-history":[{"count":12,"href":"https:\/\/huurteamtilburg.nl\/en\/wp-json\/wp\/v2\/pages\/1597\/revisions"}],"predecessor-version":[{"id":2036,"href":"https:\/\/huurteamtilburg.nl\/en\/wp-json\/wp\/v2\/pages\/1597\/revisions\/2036"}],"wp:attachment":[{"href":"https:\/\/huurteamtilburg.nl\/en\/wp-json\/wp\/v2\/media?parent=1597"}],"curies":[{"name":"wp","href":"https:\/\/api.w.org\/{rel}","templated":true}]}}