{"id":1598,"date":"2021-06-22T15:44:20","date_gmt":"2021-06-22T15:44:20","guid":{"rendered":"https:\/\/huurteamtilburg.nl\/?page_id=1598"},"modified":"2021-06-29T19:49:17","modified_gmt":"2021-06-29T19:49:17","slug":"romanian-romana","status":"publish","type":"page","link":"https:\/\/huurteamtilburg.nl\/en\/romanian-romana\/","title":{"rendered":"Romanian &#8211; Rom\u00e2n\u0103"},"content":{"rendered":"<p class=\"has-larger-font-size\">Bun venit la Echipa de \u00eenchirieri Tilburg!<\/p>\n\n\n\n<p>Echipa de \u00eenchirieri este o ini\u021biativ\u0103 a municipalit\u0103\u021bii Tilburg \u0219i ofer\u0103 gratuit consiliere \u0219i sprijin chiria\u0219ilor din municipalitatea Tilburg cu privire la locuin\u021ba \u00eenchiriat\u0103. Mai precis, este vorba despre chirii, costurile aferente serviciilor \u0219i deficien\u021be ale locuin\u021bei, \u00eens\u0103 ne pute\u021bi contacta \u0219i cu alte \u00eentreb\u0103ri de natur\u0103 juridic\u0103 privind \u00eenchirierea. <\/p>\n\n\n\n<p>Ne pute\u021bi contacta direct \u00een limba neerlandez\u0103 sau englez\u0103, prin <a href=\"http:\/\/www.huurteamtilburg.nl\/en\/contact\" data-type=\"URL\" data-id=\"www.huurteamtilburg.nl\/en\/contact\" target=\"_blank\" rel=\"noreferrer noopener\">intermediul formularului nostru de contact<\/a>. Dac\u0103 nu vorbi\u021bi aceste limbi, v\u0103 oferim posibilitatea de a discuta \u00eentrebarea dvs. cu un interpret. V\u0103 rug\u0103m s\u0103 indica\u021bi acest lucru \u00een formularul de contact sau atunci c\u00e2nd solicita\u021bi <a href=\"http:\/\/www.huurteamtilburg.nl\/en\/maak-een-afspraak\/\" data-type=\"URL\" data-id=\"www.huurteamtilburg.nl\/en\/maak-een-afspraak\/\" target=\"_blank\" rel=\"noreferrer noopener\">o consulta\u021bie online<\/a><em>.<\/em><\/p>\n\n\n\n<p>V\u0103 oferim \u00een continuare o scurt\u0103 descriere \u00een limba aleas\u0103 de dvs. a ceea ce v\u0103 poate oferi Echipa de \u00eenchirieri. Deoarece fiecare \u00eentrebare este diferit\u0103, ceea ce citi\u021bi este o descriere general\u0103 a serviciilor noastre. Dac\u0103 mai ave\u021bi \u00eentreb\u0103ri, v\u0103 rug\u0103m s\u0103 contacta\u021bi unul dintre consultan\u021bii no\u0219tri sau s\u0103 vizita\u021bi site-ul nostru \u00een limbile neerlandez\u0103 sau englez\u0103, pentru a vedea gama complet\u0103 de servicii.<\/p>\n\n\n\n<div  class=\"ewd-ufaq-faq-list ewd-ufaq-page-type-distinct\" id='ewd-ufaq-faq-list'>\n\n\t<input type='hidden' name='show_on_load' value='' id='ewd-ufaq-show-on-load' \/>\n<input type='hidden' name='include_category' value='' id='ewd-ufaq-include-category' \/>\n<input type='hidden' name='exclude_category' value='algemene-vragen,Huurprijzen,Servicekosten,Contract,Gebreken,Overige,Borg,Contracts,deposit,defects,rentalprices,service-costs,generalquestions,arabisch,duits,frans,spaans,bulgaars,turks,pools' id='ewd-ufaq-exclude-category' \/>\n<input type='hidden' name='orderby' value='date' id='ewd-ufaq-orderby' \/>\n<input type='hidden' name='order' value='asc' id='ewd-ufaq-order' \/>\n<input type='hidden' name='post_count' value='-1' id='ewd-ufaq-post-count' \/>\n<input type='hidden' name='current_url' value='\/en\/wp-json\/wp\/v2\/pages\/1598' id='ewd-ufaq-current-url' \/>\n\t\n\t\n\t<div class='ewd-ufaq-faqs'>\n\n\t\t<div  class=\"ewd-ufaq-faq-div ewd-ufaq-faq-column-count-one ewd-ufaq-faq-responsive-columns- ewd-ufaq-faq-display-style-default ewd-ufaq-can-be-toggled\" id='ewd-ufaq-post-1947-EZXFDnIsv9' data-post_id='1947'>\n\n\t<div class='ewd-ufaq-faq-title ewd-ufaq-faq-toggle'>\n\t\n\t<a class='ewd-ufaq-post-margin'  href='#'>\n\n\t\t<div class='ewd-ufaq-post-margin-symbol ewd-ufaq-'>\n\t\t\t<span >a<\/span>\n\t\t<\/div>\n\n\t\t<div class='ewd-ufaq-faq-title-text'>\n\n\t\t\t<h4>\n\t\t\t\tCe face Echipa de \u00eenchirieri pentru tine?\t\t\t<\/h4>\n\n\t\t<\/div>\n\n\t\t<div class='ewd-ufaq-clear'><\/div>\n\n\t<\/a>\n\t\n<\/div>\n\t\n\t<div class='ewd-ufaq-faq-body ewd-ufaq-hidden' >\n\n\t\t\n\t\t\t\n\t\t\n\t\t\t<div class='ewd-ufaq-post-margin ewd-ufaq-faq-post'>\n\t\n<p>Dac\u0103 ave\u021bi \u00eentreb\u0103ri privind chestiuni legate de chirie sau dac\u0103 \u00eent\u00e2mpina\u021bi probleme cu proprietarul dvs., este important s\u0103 beneficia\u021bi de sfaturi sau s\u0103 discuta\u021bi despre acest lucru. V\u0103 putem asista gratuit \u0219i, \u00een primul r\u00e2nd, vom discuta cu proprietarul dvs. pentru a g\u0103si o solu\u021bie la problema dvs. Pute\u021bi citi mai jos mai multe despre domeniile noastre de expertiz\u0103.<\/p>\n\n\n\n<p>Dac\u0103 nu ajungem la un acord cu proprietarul, ne putem adresa Comisiei de \u00eenchiriere. Procedurile sunt \u00een limba neerlandez\u0103, \u00eens\u0103 Echipa de \u00eenchirieri v\u0103 poate ajuta \u00een acest sens. Preg\u0103tim procedura\/procedurile, v\u0103 inform\u0103m despre toate ac\u021biunile \u0219i vom fi persoana dvs. de contact \u00een leg\u0103tura cu proprietarul \u0219i cu Comisia de evaluare a chiriilor.<\/p>\n<\/div>\n\t\t\n\t\t\t\n\t\t\n\t\t\t\n\t\t\n\t\t\t\n\t\t\n\t\t\t\n\t\t\n\t\t\t\n\t\t\n\t\t\t\n\t\t\n\t\t\t\n\t\t\n\t\t\t\n\t\t\n\t<\/div>\n\n<\/div><div  class=\"ewd-ufaq-faq-div ewd-ufaq-faq-column-count-one ewd-ufaq-faq-responsive-columns- ewd-ufaq-faq-display-style-default ewd-ufaq-can-be-toggled\" id='ewd-ufaq-post-1953-wlDmXczaEp' data-post_id='1953'>\n\n\t<div class='ewd-ufaq-faq-title ewd-ufaq-faq-toggle'>\n\t\n\t<a class='ewd-ufaq-post-margin'  href='#'>\n\n\t\t<div class='ewd-ufaq-post-margin-symbol ewd-ufaq-'>\n\t\t\t<span >a<\/span>\n\t\t<\/div>\n\n\t\t<div class='ewd-ufaq-faq-title-text'>\n\n\t\t\t<h4>\n\t\t\t\tCe nu face Echipa de \u00eenchirieri?\t\t\t<\/h4>\n\n\t\t<\/div>\n\n\t\t<div class='ewd-ufaq-clear'><\/div>\n\n\t<\/a>\n\t\n<\/div>\n\t\n\t<div class='ewd-ufaq-faq-body ewd-ufaq-hidden' >\n\n\t\t\n\t\t\t\n\t\t\n\t\t\t<div class='ewd-ufaq-post-margin ewd-ufaq-faq-post'>\n\t\n<p>Echipa de \u00eenchirieri Tilburg ofer\u0103 consiliere juridic\u0103 chiria\u0219ilor care au \u00eentreb\u0103ri juridice despre chirie \u0219i ofer\u0103 asisten\u021b\u0103 \u00een leg\u0103tura cu Comisia de evaluare a chiriilor.<\/p>\n\n\n\n<p>Nu oferim asisten\u021b\u0103 pentru:<\/p>\n\n\n\n<ul><li>c\u0103utarea unei locuin\u021be<\/li><li>solicitarea unei indemniza\u021bii de chirie<\/li><li>solicitarea ramburs\u0103rii unor taxe municipale<\/li><li>alte \u00eentreb\u0103ri care nu privesc contractul dintre dumneavoastr\u0103 \u0219i proprietar.<\/li><\/ul>\n\n\n\n<p>\u00cen cazul \u00een care Echipa de \u00eenchirieri Tilburg nu v\u0103 poate ajuta, putem remite cazul unui avocat din re\u021beaua noastr\u0103.<\/p>\n<\/div>\n\t\t\n\t\t\t\n\t\t\n\t\t\t\n\t\t\n\t\t\t\n\t\t\n\t\t\t\n\t\t\n\t\t\t\n\t\t\n\t\t\t\n\t\t\n\t\t\t\n\t\t\n\t\t\t\n\t\t\n\t<\/div>\n\n<\/div><div  class=\"ewd-ufaq-faq-div ewd-ufaq-faq-column-count-one ewd-ufaq-faq-responsive-columns- ewd-ufaq-faq-display-style-default ewd-ufaq-can-be-toggled\" id='ewd-ufaq-post-1954-ujlIMVK8W2' data-post_id='1954'>\n\n\t<div class='ewd-ufaq-faq-title ewd-ufaq-faq-toggle'>\n\t\n\t<a class='ewd-ufaq-post-margin'  href='#'>\n\n\t\t<div class='ewd-ufaq-post-margin-symbol ewd-ufaq-'>\n\t\t\t<span >a<\/span>\n\t\t<\/div>\n\n\t\t<div class='ewd-ufaq-faq-title-text'>\n\n\t\t\t<h4>\n\t\t\t\tCe face Comisia de evaluare a chiriilor?\t\t\t<\/h4>\n\n\t\t<\/div>\n\n\t\t<div class='ewd-ufaq-clear'><\/div>\n\n\t<\/a>\n\t\n<\/div>\n\t\n\t<div class='ewd-ufaq-faq-body ewd-ufaq-hidden' >\n\n\t\t\n\t\t\t\n\t\t\n\t\t\t<div class='ewd-ufaq-post-margin ewd-ufaq-faq-post'>\n\t\n<p>Comisia de evaluare a chiriilor face parte din dintre autorit\u0103\u021bile guvernamentale \u0219i este o organiza\u021bie impar\u021bial\u0103 pentru prevenirea, asisten\u021ba \u00een scopul solu\u021bion\u0103rii \u0219i solu\u021bionarea formal\u0103 a litigiilor dintre chiria\u0219i \u0219i proprietari. Dac\u0103 chiria\u0219ul \u0219i proprietarul nu pot rezolva \u00eentre ei un litigiu, Comisia de evaluare a chiriilor va lua o decizie obligatorie pentru p\u0103r\u021bi.<\/p>\n\n\n\n<p>\u00cen cazul unei investiga\u021bii efectuate de Comisia de evaluare a chiriilor se va face aceea\u0219i verificare a locuin\u021bei ca \u0219i de c\u0103tre noi, m\u0103sur\u00e2ndu-se suprafa\u021ba spa\u021biului locuibil \u0219i inspect\u00e2ndu-se eventuale facilit\u0103\u021bi suplimentare. Dup\u0103 evaluarea lor, ve\u021bi \u0219ti exact dac\u0103 pute\u021bi pl\u0103ti mai pu\u021bin pentru locuin\u021ba \u00eenchiriat\u0103, dac\u0103 pute\u021bi primi \u00eenapoi sume din costurile serviciilor sau pute\u021bi beneficia de o reducere a chiriei dac\u0103 locuin\u021ba prezint\u0103 deficien\u021be.<\/p>\n<\/div>\n\t\t\n\t\t\t\n\t\t\n\t\t\t\n\t\t\n\t\t\t\n\t\t\n\t\t\t\n\t\t\n\t\t\t\n\t\t\n\t\t\t\n\t\t\n\t\t\t\n\t\t\n\t\t\t\n\t\t\n\t<\/div>\n\n<\/div><div  class=\"ewd-ufaq-faq-div ewd-ufaq-faq-column-count-one ewd-ufaq-faq-responsive-columns- ewd-ufaq-faq-display-style-default ewd-ufaq-can-be-toggled\" id='ewd-ufaq-post-1955-p1qkTCoEok' data-post_id='1955'>\n\n\t<div class='ewd-ufaq-faq-title ewd-ufaq-faq-toggle'>\n\t\n\t<a class='ewd-ufaq-post-margin'  href='#'>\n\n\t\t<div class='ewd-ufaq-post-margin-symbol ewd-ufaq-'>\n\t\t\t<span >a<\/span>\n\t\t<\/div>\n\n\t\t<div class='ewd-ufaq-faq-title-text'>\n\n\t\t\t<h4>\n\t\t\t\tVerificarea contractului\t\t\t<\/h4>\n\n\t\t<\/div>\n\n\t\t<div class='ewd-ufaq-clear'><\/div>\n\n\t<\/a>\n\t\n<\/div>\n\t\n\t<div class='ewd-ufaq-faq-body ewd-ufaq-hidden' >\n\n\t\t\n\t\t\t\n\t\t\n\t\t\t<div class='ewd-ufaq-post-margin ewd-ufaq-faq-post'>\n\t\n<p>Ave\u021bi de g\u00e2nd s\u0103 \u00eenchiria\u021bi o cas\u0103 sau un apartament nou? Sau v\u0103 afla\u021bi \u00een noua dvs. locuin\u021b\u0103 de ceva timp \u0219i ave\u021bi \u00eendoieli cu privire la unele prevederi din contract? Verific\u0103m gratuit dac\u0103 contractul dvs. de chirie \u0219i cuantumul chiriei respect\u0103 cerin\u021bele legale. Astfel, ve\u021bi \u0219ti cu certitudine c\u0103 nu semna\u021bi un contract defectuos sau ve\u021bi \u0219tii ce op\u021biuni ave\u021bi.<\/p>\n\n\n\n<p>Completa\u021bi <a href=\"http:\/\/www.huurteamtilburg.nl\/en\/contact\/\" data-type=\"URL\" data-id=\"www.huurteamtilburg.nl\/en\/contact\/\" target=\"_blank\" rel=\"noreferrer noopener\">formularul de contact<\/a> \u0219i \u00eenc\u0103rca\u021bi contractul. Vom verifica contractul \u0219i cuantumul chiriei \u0219i v\u0103 vom contacta \u00een termen de 48 de ore cu sugestii.<\/p>\n<\/div>\n\t\t\n\t\t\t\n\t\t\n\t\t\t\n\t\t\n\t\t\t\n\t\t\n\t\t\t\n\t\t\n\t\t\t\n\t\t\n\t\t\t\n\t\t\n\t\t\t\n\t\t\n\t\t\t\n\t\t\n\t<\/div>\n\n<\/div><div  class=\"ewd-ufaq-faq-div ewd-ufaq-faq-column-count-one ewd-ufaq-faq-responsive-columns- ewd-ufaq-faq-display-style-default ewd-ufaq-can-be-toggled\" id='ewd-ufaq-post-1957-TAoSGGaAh9' data-post_id='1957'>\n\n\t<div class='ewd-ufaq-faq-title ewd-ufaq-faq-toggle'>\n\t\n\t<a class='ewd-ufaq-post-margin'  href='#'>\n\n\t\t<div class='ewd-ufaq-post-margin-symbol ewd-ufaq-'>\n\t\t\t<span >a<\/span>\n\t\t<\/div>\n\n\t\t<div class='ewd-ufaq-faq-title-text'>\n\n\t\t\t<h4>\n\t\t\t\tCuantumul chiriei\t\t\t<\/h4>\n\n\t\t<\/div>\n\n\t\t<div class='ewd-ufaq-clear'><\/div>\n\n\t<\/a>\n\t\n<\/div>\n\t\n\t<div class='ewd-ufaq-faq-body ewd-ufaq-hidden' >\n\n\t\t\n\t\t\t\n\t\t\n\t\t\t<div class='ewd-ufaq-post-margin ewd-ufaq-faq-post'>\n\t\n<p>\u00cen \u021a\u0103rile de Jos exist\u0103 o legisla\u021bie care stabile\u0219te c\u00e2t de mare poate fi chiria dvs. de baz\u0103. Proprietarii nu respect\u0103 \u00eentotdeauna acest lucru. Dori\u021bi s\u0103 \u0219ti\u021bi dac\u0103 pl\u0103ti\u021bi lunar o sum\u0103 prea mare pentru chirie \u0219i s\u0103 vede\u021bi dac\u0103 vi se poate diminua chiria? V\u0103 rug\u0103m s\u0103 ne <a href=\"http:\/\/www.huurteamtilburg.nl\/en\/contact\/\" data-type=\"URL\" data-id=\"www.huurteamtilburg.nl\/en\/contact\/\" target=\"_blank\" rel=\"noreferrer noopener\">contacta\u021bi<\/a> \u0219i vom programa o vizit\u0103 la domiciliu pentru a vedea dac\u0103 v\u0103 califica\u021bi pentru o reducere a chiriei.<\/p>\n\n\n\n<p>Cum facem asta? Efectu\u0103m aceea\u0219i verificare ca \u0219i ei \u0219i m\u0103sur\u0103m suprafa\u021ba spa\u021biului dvs. locuibil \u0219i eventuale facilit\u0103\u021bi suplimentare. \u00cen acest fel, v\u0103 face\u021bi o imagine corect\u0103 despre c\u00e2t poate costa de fapt locuin\u021ba dvs. Pute\u021bi citi cum proced\u0103m la sec\u021biunea \u201eCe face Comisia de evaluare a chiriilor?\u201d. Comisia de evaluare a chiriilor este autorizat\u0103 s\u0103 modifice chiriile de baz\u0103.<\/p>\n<\/div>\n\t\t\n\t\t\t\n\t\t\n\t\t\t\n\t\t\n\t\t\t\n\t\t\n\t\t\t\n\t\t\n\t\t\t\n\t\t\n\t\t\t\n\t\t\n\t\t\t\n\t\t\n\t\t\t\n\t\t\n\t<\/div>\n\n<\/div><div  class=\"ewd-ufaq-faq-div ewd-ufaq-faq-column-count-one ewd-ufaq-faq-responsive-columns- ewd-ufaq-faq-display-style-default ewd-ufaq-can-be-toggled\" id='ewd-ufaq-post-1958-KLhlzLRc5P' data-post_id='1958'>\n\n\t<div class='ewd-ufaq-faq-title ewd-ufaq-faq-toggle'>\n\t\n\t<a class='ewd-ufaq-post-margin'  href='#'>\n\n\t\t<div class='ewd-ufaq-post-margin-symbol ewd-ufaq-'>\n\t\t\t<span >a<\/span>\n\t\t<\/div>\n\n\t\t<div class='ewd-ufaq-faq-title-text'>\n\n\t\t\t<h4>\n\t\t\t\tCosturi aferente serviciilor\t\t\t<\/h4>\n\n\t\t<\/div>\n\n\t\t<div class='ewd-ufaq-clear'><\/div>\n\n\t<\/a>\n\t\n<\/div>\n\t\n\t<div class='ewd-ufaq-faq-body ewd-ufaq-hidden' >\n\n\t\t\n\t\t\t\n\t\t\n\t\t\t<div class='ewd-ufaq-post-margin ewd-ufaq-faq-post'>\n\t\n<p>Costurile aferente serviciilor sunt costuri care se adaug\u0103 chiriei de baz\u0103 a unei locuin\u021be, de exemplu costurile pentru cur\u0103\u021benie, gaz, ap\u0103 \u0219i electricitate sau pentru folosin\u021ba mobilierului. \u00cen calitate de chiria\u0219, ar trebui s\u0103 primi\u021bi un decont al costurilor aferente serviciilor, dup\u0103 \u00eencheierea fiec\u0103rui an calendaristic. Acesta indic\u0103 c\u00e2t de mult gaz, ap\u0103 \u0219i electricitate a\u021bi utilizat efectiv \u0219i ce alte costuri a suportat proprietarul. Dac\u0103 a\u021bi pl\u0103tit \u00een plus, ve\u021bi primi bani \u00eenapoi. Dac\u0103 nu a\u021bi primit un decont (corect) sau dac\u0103 avansul pentru costurile aferente serviciilor (suma pe care o pl\u0103ti\u021bi lunar pentru gaz, ap\u0103 \u0219i electricitate) sunt mult mai mari dec\u00e2t ceea ce utiliza\u021bi efectiv, putem rezolva acest lucru pentru dvs.<\/p>\n\n\n\n<p>Completa\u021bi <a href=\"http:\/\/www.huurteamtilburg.nl\/en\/contact\/\" data-type=\"URL\" data-id=\"www.huurteamtilburg.nl\/en\/contact\/\" target=\"_blank\" rel=\"noreferrer noopener\">formularul de contact<\/a> de pe site-ul nostru \u0219i men\u021biona\u021bi clar datele dvs. de contact. \u00cenc\u0103rca\u021bi contractul de \u00eenchiriere \u0219i eventual decontul \/deconturile anual(e), dac\u0103 l(e)-a\u021bi primit.<\/p>\n<\/div>\n\t\t\n\t\t\t\n\t\t\n\t\t\t\n\t\t\n\t\t\t\n\t\t\n\t\t\t\n\t\t\n\t\t\t\n\t\t\n\t\t\t\n\t\t\n\t\t\t\n\t\t\n\t\t\t\n\t\t\n\t<\/div>\n\n<\/div><div  class=\"ewd-ufaq-faq-div ewd-ufaq-faq-column-count-one ewd-ufaq-faq-responsive-columns- ewd-ufaq-faq-display-style-default ewd-ufaq-can-be-toggled\" id='ewd-ufaq-post-1959-JvZDGaGEir' data-post_id='1959'>\n\n\t<div class='ewd-ufaq-faq-title ewd-ufaq-faq-toggle'>\n\t\n\t<a class='ewd-ufaq-post-margin'  href='#'>\n\n\t\t<div class='ewd-ufaq-post-margin-symbol ewd-ufaq-'>\n\t\t\t<span >a<\/span>\n\t\t<\/div>\n\n\t\t<div class='ewd-ufaq-faq-title-text'>\n\n\t\t\t<h4>\n\t\t\t\tDefec\u021biuni\t\t\t<\/h4>\n\n\t\t<\/div>\n\n\t\t<div class='ewd-ufaq-clear'><\/div>\n\n\t<\/a>\n\t\n<\/div>\n\t\n\t<div class='ewd-ufaq-faq-body ewd-ufaq-hidden' >\n\n\t\t\n\t\t\t\n\t\t\n\t\t\t<div class='ewd-ufaq-post-margin ewd-ufaq-faq-post'>\n\t\n<p>Proprietarul este obligat legal s\u0103 \u00eentre\u021bin\u0103 corespunz\u0103tor locuin\u021ba. Dac\u0103 acest lucru nu se \u00eent\u00e2mpl\u0103 sau dac\u0103 nu se \u00eent\u00e2mpl\u0103 la timp, probabil ve\u021bi putea beneficia temporar de o reducere a chiriei. Comisia de evaluare a chiriilor acord\u0103 \u00een general reduceri mari ale chiriei. Acesta constituie de regul\u0103 motiv suficient pentru ca proprietarul s\u0103 remedieze defec\u021biunile. Contacta\u021bi-ne prin <a href=\"http:\/\/www.huurteamtilburg.nl\/en\/contact\/\" data-type=\"URL\" data-id=\"www.huurteamtilburg.nl\/en\/contact\/\" target=\"_blank\" rel=\"noreferrer noopener\">formularul de contact<\/a> dac\u0103 proprietarul dvs. nu rezolv\u0103 \u00een m\u0103sur\u0103 suficient\u0103 deficien\u021bele majore.<\/p>\n<\/div>\n\t\t\n\t\t\t\n\t\t\n\t\t\t\n\t\t\n\t\t\t\n\t\t\n\t\t\t\n\t\t\n\t\t\t\n\t\t\n\t\t\t\n\t\t\n\t\t\t\n\t\t\n\t\t\t\n\t\t\n\t<\/div>\n\n<\/div><div  class=\"ewd-ufaq-faq-div ewd-ufaq-faq-column-count-one ewd-ufaq-faq-responsive-columns- ewd-ufaq-faq-display-style-default ewd-ufaq-can-be-toggled\" id='ewd-ufaq-post-1960-zdoU4O9WLt' data-post_id='1960'>\n\n\t<div class='ewd-ufaq-faq-title ewd-ufaq-faq-toggle'>\n\t\n\t<a class='ewd-ufaq-post-margin'  href='#'>\n\n\t\t<div class='ewd-ufaq-post-margin-symbol ewd-ufaq-'>\n\t\t\t<span >a<\/span>\n\t\t<\/div>\n\n\t\t<div class='ewd-ufaq-faq-title-text'>\n\n\t\t\t<h4>\n\t\t\t\tAlte \u00eentreb\u0103ri despre chirie\t\t\t<\/h4>\n\n\t\t<\/div>\n\n\t\t<div class='ewd-ufaq-clear'><\/div>\n\n\t<\/a>\n\t\n<\/div>\n\t\n\t<div class='ewd-ufaq-faq-body ewd-ufaq-hidden' >\n\n\t\t\n\t\t\t\n\t\t\n\t\t\t<div class='ewd-ufaq-post-margin ewd-ufaq-faq-post'>\n\t\n<p>A\u021bi fost evacuat pe nedrept din locuin\u021b\u0103? Dori\u021bi s\u0103 rezilia\u021bi contractul de \u00eenchiriere, dar proprietarul nu v\u0103 permite acest lucru? Proprietarul propune o majorare a chiriei \u0219i nu sunte\u021bi sigur dac\u0103 acest lucru se poate face?<\/p>\n\n\n\n<p>\u00cent\u00e2lnim zilnic aceste \u00eentreb\u0103ri, \u0219i multe altele. <a href=\"http:\/\/www.huurteamtilburg.nl\/en\/contact\" data-type=\"URL\" data-id=\"www.huurteamtilburg.nl\/en\/contact\" target=\"_blank\" rel=\"noreferrer noopener\">Contacta\u021bi-ne<\/a>, \u0219i v\u0103 vom oferi sfaturi personalizate despre op\u021biunile pe care le ave\u021bi.<\/p>\n\n\n\n<p>Dori\u021bi s\u0103 v\u0103 ocupa\u021bi singur de asta? G\u0103si\u021bi <a href=\"http:\/\/www.huurteamtilburg.nl\/en\/downloads\" data-type=\"URL\" data-id=\"www.huurteamtilburg.nl\/en\/downloads\" target=\"_blank\" rel=\"noreferrer noopener\">modele de scrisori<\/a>, \u00een limbile neerlandez\u0103 \u0219i englez\u0103, pe care le pute\u021bi trimite proprietarului, de exemplu pentru a solicita rambursarea garan\u021biei sau pentru a raporta deficien\u021bele. V\u0103 rug\u0103m s\u0103 ne spune\u021bi dac\u0103 ave\u021bi nevoie de asisten\u021b\u0103.<\/p>\n<\/div>\n\t\t\n\t\t\t\n\t\t\n\t\t\t\n\t\t\n\t\t\t\n\t\t\n\t\t\t\n\t\t\n\t\t\t\n\t\t\n\t\t\t\n\t\t\n\t\t\t\n\t\t\n\t\t\t\n\t\t\n\t<\/div>\n\n<\/div>\n\t<\/div>\n\n\t\n<\/div>","protected":false},"excerpt":{"rendered":"<p>A Alte \u00eentreb\u0103ri despre chirie A\u021bi fost evacuat pe nedrept din locuin\u021b\u0103? Dori\u021bi s\u0103 rezilia\u021bi contractul de \u00eenchiriere, dar proprietarul nu v\u0103 permite acest lucru? Proprietarul propune o majorare a chiriei \u0219i nu sunte\u021bi sigur dac\u0103 acest lucru se poate face? \u00cent\u00e2lnim zilnic aceste \u00eentreb\u0103ri, \u0219i multe altele. Contacta\u021bi-ne, \u0219i &hellip;<\/p>","protected":false},"author":1,"featured_media":0,"parent":0,"menu_order":0,"comment_status":"closed","ping_status":"closed","template":"","meta":[],"_links":{"self":[{"href":"https:\/\/huurteamtilburg.nl\/en\/wp-json\/wp\/v2\/pages\/1598"}],"collection":[{"href":"https:\/\/huurteamtilburg.nl\/en\/wp-json\/wp\/v2\/pages"}],"about":[{"href":"https:\/\/huurteamtilburg.nl\/en\/wp-json\/wp\/v2\/types\/page"}],"author":[{"embeddable":true,"href":"https:\/\/huurteamtilburg.nl\/en\/wp-json\/wp\/v2\/users\/1"}],"replies":[{"embeddable":true,"href":"https:\/\/huurteamtilburg.nl\/en\/wp-json\/wp\/v2\/comments?post=1598"}],"version-history":[{"count":5,"href":"https:\/\/huurteamtilburg.nl\/en\/wp-json\/wp\/v2\/pages\/1598\/revisions"}],"predecessor-version":[{"id":2009,"href":"https:\/\/huurteamtilburg.nl\/en\/wp-json\/wp\/v2\/pages\/1598\/revisions\/2009"}],"wp:attachment":[{"href":"https:\/\/huurteamtilburg.nl\/en\/wp-json\/wp\/v2\/media?parent=1598"}],"curies":[{"name":"wp","href":"https:\/\/api.w.org\/{rel}","templated":true}]}}